{"id":7745,"date":"2020-05-27T12:25:57","date_gmt":"2020-05-27T11:25:57","guid":{"rendered":"https:\/\/www.eurocontainerslf.it\/?post_type=product&#038;p=7745"},"modified":"2021-07-16T12:24:12","modified_gmt":"2021-07-16T11:24:12","slug":"presscontainer-mit-schieberpresse-fur-absetzkipper","status":"publish","type":"product","link":"https:\/\/www.eurocontainerslf.it\/?product=presscontainer-mit-schieberpresse-fur-absetzkipper&lang=de","title":{"rendered":"Presscontainer mit Schieberpresse f\u00fcr Absetzkipper"},"content":{"rendered":"<h3>Optionen<\/h3>\n<table class=\"gray-table-lc-sx\" width=\"100%\" cellspacing=\"1\" cellpadding=\"2\">\n<tbody>\n<tr>\n<td valign=\"middle\" width=\"170\">Hub-Kippvorrichtung<\/td>\n<td>integrierte Hub-Kippvorrichtung<\/td>\n<\/tr>\n<tr>\n<td>Aufnahmehaken<\/td>\n<td>Zusatzaufnahmehaken<\/td>\n<\/tr>\n<tr>\n<td>Rollen<\/td>\n<td>Schieberollen<\/td>\n<\/tr>\n<\/tbody>\n<\/table>\n","protected":false},"excerpt":{"rendered":"<p>Der Presscontainer f\u00fcr Absetzkipper ist geeignet, wenn Sie mit einem Transportsystem alternativ zum Aufnahmehaken in engen R\u00e4umen arbeiten.<\/p>\n<p>Dieses Modell hat eine seitliche kompakte und vereinfachte Druckknopftafel und die \u00d6ffnung der Abdeckung der Einwurf\u00f6ffnung ist dank der Gasdruckd\u00e4mpfer erleichtert.<\/p>\n<p>Der hintere Schwerkraft-Pendelklappe-Verschluss mit Klammern, die manuell durch einen Ratschenlastspanner bedient werden, zusammen mit der Pyramidenstumpf-Geometrie der Struktur versichern eine schnelle und sichere Entladung der Abf\u00e4lle.<\/p>\n<p>&nbsp;<\/p>\n","protected":false},"featured_media":7712,"template":"","meta":[],"product_cat":[1484,630],"product_tag":[809],"_links":{"self":[{"href":"https:\/\/www.eurocontainerslf.it\/index.php?rest_route=\/wp\/v2\/product\/7745"}],"collection":[{"href":"https:\/\/www.eurocontainerslf.it\/index.php?rest_route=\/wp\/v2\/product"}],"about":[{"href":"https:\/\/www.eurocontainerslf.it\/index.php?rest_route=\/wp\/v2\/types\/product"}],"version-history":[{"count":0,"href":"https:\/\/www.eurocontainerslf.it\/index.php?rest_route=\/wp\/v2\/product\/7745\/revisions"}],"wp:featuredmedia":[{"embeddable":true,"href":"https:\/\/www.eurocontainerslf.it\/index.php?rest_route=\/wp\/v2\/media\/7712"}],"wp:attachment":[{"href":"https:\/\/www.eurocontainerslf.it\/index.php?rest_route=%2Fwp%2Fv2%2Fmedia&parent=7745"}],"wp:term":[{"taxonomy":"product_cat","embeddable":true,"href":"https:\/\/www.eurocontainerslf.it\/index.php?rest_route=%2Fwp%2Fv2%2Fproduct_cat&post=7745"},{"taxonomy":"product_tag","embeddable":true,"href":"https:\/\/www.eurocontainerslf.it\/index.php?rest_route=%2Fwp%2Fv2%2Fproduct_tag&post=7745"}],"curies":[{"name":"wp","href":"https:\/\/api.w.org\/{rel}","templated":true}]}}