{"id":4447,"date":"2016-11-10T09:37:20","date_gmt":"2016-11-10T08:37:20","guid":{"rendered":"http:\/\/www.eurocontainerslf.it\/?post_type=product&#038;p=4447"},"modified":"2021-08-02T13:42:23","modified_gmt":"2021-08-02T12:42:23","slug":"anhangerausrustung","status":"publish","type":"product","link":"https:\/\/www.eurocontainerslf.it\/?product=anhangerausrustung&lang=de","title":{"rendered":"Anh\u00e4ngerausr\u00fcstung"},"content":{"rendered":"<p>LOCATELLI EUROCONTAINERS weitet nun die bereits etablierte Produktion von Aufliegersystemen, durch den Umbau und das Nachr\u00fcsten von Anh\u00e4ngern mit Karosserien f\u00fcr Aufliegersysteme mit einem \u201eschl\u00fcsselfertigen\u201c Konzept aus.<\/p>\n<p>Das Angebot sieht die Lieferung von 2- oder 3-achsigen Anh\u00e4ngern mit Aufh\u00e4ngungen Blatt- oder Luftfederung vor, die entsprechend f\u00fcr Handling &#8211; Fixierung &#8211; Transport von Abrollsystemen ausgestattet sind.<\/p>\n<p>Unsere hochqualifizierte Reparatur- und Umr\u00fcstabteilung erm\u00f6glicht die Reduzierung der Stillstandszeiten der Maschinen auf ein Minimum.<\/p>\n<p>Die technischen F\u00e4higkeiten und die Erfahrungen des Personals machen die Um- und Nachr\u00fcstarbeiten auch an Fahrzeugen m\u00f6glich, die nicht aus unserer direkten Fertigung stammen.<\/p>\n\n","protected":false},"excerpt":{"rendered":"<p>LOCATELLI EUROCONTAINERS weitet nun die bereits etablierte Produktion von Aufliegersystemen, durch den Umbau und das Nachr\u00fcsten von Anh\u00e4ngern mit Karosserien f\u00fcr Aufliegersysteme mit einem \u201eschl\u00fcsselfertigen\u201c Konzept aus. Das Angebot sieht die Lieferung von 2- oder 3-achsigen Anh\u00e4ngern mit Aufh\u00e4ngungen Blatt- oder Luftfederung vor, die entsprechend f\u00fcr Handling &#8211; Fixierung &#8211; Transport von Abrollsystemen ausgestattet sind. [&hellip;]<\/p>\n","protected":false},"featured_media":7958,"template":"","meta":[],"product_cat":[737],"product_tag":[809],"_links":{"self":[{"href":"https:\/\/www.eurocontainerslf.it\/index.php?rest_route=\/wp\/v2\/product\/4447"}],"collection":[{"href":"https:\/\/www.eurocontainerslf.it\/index.php?rest_route=\/wp\/v2\/product"}],"about":[{"href":"https:\/\/www.eurocontainerslf.it\/index.php?rest_route=\/wp\/v2\/types\/product"}],"version-history":[{"count":0,"href":"https:\/\/www.eurocontainerslf.it\/index.php?rest_route=\/wp\/v2\/product\/4447\/revisions"}],"wp:featuredmedia":[{"embeddable":true,"href":"https:\/\/www.eurocontainerslf.it\/index.php?rest_route=\/wp\/v2\/media\/7958"}],"wp:attachment":[{"href":"https:\/\/www.eurocontainerslf.it\/index.php?rest_route=%2Fwp%2Fv2%2Fmedia&parent=4447"}],"wp:term":[{"taxonomy":"product_cat","embeddable":true,"href":"https:\/\/www.eurocontainerslf.it\/index.php?rest_route=%2Fwp%2Fv2%2Fproduct_cat&post=4447"},{"taxonomy":"product_tag","embeddable":true,"href":"https:\/\/www.eurocontainerslf.it\/index.php?rest_route=%2Fwp%2Fv2%2Fproduct_tag&post=4447"}],"curies":[{"name":"wp","href":"https:\/\/api.w.org\/{rel}","templated":true}]}}