{"id":4438,"date":"2016-11-10T09:31:07","date_gmt":"2016-11-10T08:31:07","guid":{"rendered":"http:\/\/www.eurocontainerslf.it\/?post_type=product&#038;p=4438"},"modified":"2021-08-02T13:42:30","modified_gmt":"2021-08-02T12:42:30","slug":"equipements-remorques","status":"publish","type":"product","link":"https:\/\/www.eurocontainerslf.it\/?product=equipements-remorques&lang=fr","title":{"rendered":"\u00c9quipements Remorques"},"content":{"rendered":"<p>LOCATELLI EUROCONTAINERS, joint \u00e0 la consolid\u00e9e production de syst\u00e8mes amplirolls ,\u00a0 la\u00a0 transformation et \u00e9quipement des remorques de carrosserie amplirolls avec la formule \u00ab prix clef en main \u00bb.<br \/>\nLa proposition pr\u00e9voit la fourniture de remorques \u00e0\u00a0 2 ou 3 essieux, avec suspensions \u00e0 lames ou pneumatiques, opportun\u00e9ment \u00e9quip\u00e9s pour le Mouvement\u00a0 \u2013 Blocage \u2013 Transport de syst\u00e8mes amplirolls.<br \/>\nL\u2019\u00e9quipement est compos\u00e9 d\u2019un chariot de glissement li\u00e9 \u00e0 un sous-ch\u00e2ssis avec\u00a0 robustes rouleaux.<br \/>\nSyst\u00e8me \u00e0 4 points pour l\u2019ancrage et blocage de l\u2019ampliroll.<br \/>\nLes m\u00e2choires sont actionn\u00e9s par cylindres hydraulique de vannes de bloque \u2013 s\u00e9curit\u00e9.<br \/>\nSyst\u00e8me hydraulique avec central et distributeurs de primaire marque internationale , \u00e9quip\u00e9e de pompe manuelle pour \u00e9mergence.<br \/>\nBarres \u2013 protections, gard- cycleurs en aluminium et bo\u00eete \u00e0 outils, feux de position, tampons butoirs post\u00e9rieurs, panneau r\u00e9fl\u00e9chissants, disjoncteur pluie.<\/p>\n\n","protected":false},"excerpt":{"rendered":"<p>LOCATELLI EUROCONTAINERS, joint \u00e0 la consolid\u00e9e production de syst\u00e8mes amplirolls ,\u00a0 la\u00a0 transformation et \u00e9quipement des remorques de carrosserie amplirolls avec la formule \u00ab prix clef en main \u00bb. La proposition pr\u00e9voit la fourniture de remorques \u00e0\u00a0 2 ou 3 essieux, avec suspensions \u00e0 lames ou pneumatiques, opportun\u00e9ment \u00e9quip\u00e9s pour le Mouvement\u00a0 \u2013 Blocage \u2013 [&hellip;]<\/p>\n","protected":false},"featured_media":7958,"template":"","meta":[],"product_cat":[],"product_tag":[811],"_links":{"self":[{"href":"https:\/\/www.eurocontainerslf.it\/index.php?rest_route=\/wp\/v2\/product\/4438"}],"collection":[{"href":"https:\/\/www.eurocontainerslf.it\/index.php?rest_route=\/wp\/v2\/product"}],"about":[{"href":"https:\/\/www.eurocontainerslf.it\/index.php?rest_route=\/wp\/v2\/types\/product"}],"version-history":[{"count":0,"href":"https:\/\/www.eurocontainerslf.it\/index.php?rest_route=\/wp\/v2\/product\/4438\/revisions"}],"wp:featuredmedia":[{"embeddable":true,"href":"https:\/\/www.eurocontainerslf.it\/index.php?rest_route=\/wp\/v2\/media\/7958"}],"wp:attachment":[{"href":"https:\/\/www.eurocontainerslf.it\/index.php?rest_route=%2Fwp%2Fv2%2Fmedia&parent=4438"}],"wp:term":[{"taxonomy":"product_cat","embeddable":true,"href":"https:\/\/www.eurocontainerslf.it\/index.php?rest_route=%2Fwp%2Fv2%2Fproduct_cat&post=4438"},{"taxonomy":"product_tag","embeddable":true,"href":"https:\/\/www.eurocontainerslf.it\/index.php?rest_route=%2Fwp%2Fv2%2Fproduct_tag&post=4438"}],"curies":[{"name":"wp","href":"https:\/\/api.w.org\/{rel}","templated":true}]}}