{"id":3708,"date":"2016-10-25T13:32:55","date_gmt":"2016-10-25T13:32:55","guid":{"rendered":"http:\/\/www.eurocontainerslf.it\/?post_type=product&#038;p=3708"},"modified":"2021-07-16T12:27:40","modified_gmt":"2021-07-16T11:27:40","slug":"hydraulischer-rampe","status":"publish","type":"product","link":"https:\/\/www.eurocontainerslf.it\/?product=hydraulischer-rampe&lang=de","title":{"rendered":"Hydraulischer Rampe"},"content":{"rendered":"","protected":false},"excerpt":{"rendered":"<p>Robust und gro\u00df, teflonbeschichtete Laderampe mit Stahlrahmen und umklappbare Seitenw\u00e4nden aus Aluminium f\u00fcr ein bequemes Be-\/Entladen, Dach aus Blech mit Verst\u00e4rkungsspriegel.<br \/>\nHintere Ladewand f\u00fcr 2000 kg. Elektrohydraulisch mit lokaler Steuerung und Fernsteuerung \u00fcber Bedienfeld.<br \/>\nAutonomie Versorgung (Akkus mit langer Gebrauchszeit an Bord) und\/oder mit der M\u00f6glichkeit des Stromanschlusses direkt im Fahrzeug.<\/p>\n","protected":false},"featured_media":3999,"template":"","meta":[],"product_cat":[1605,650,642],"product_tag":[809],"_links":{"self":[{"href":"https:\/\/www.eurocontainerslf.it\/index.php?rest_route=\/wp\/v2\/product\/3708"}],"collection":[{"href":"https:\/\/www.eurocontainerslf.it\/index.php?rest_route=\/wp\/v2\/product"}],"about":[{"href":"https:\/\/www.eurocontainerslf.it\/index.php?rest_route=\/wp\/v2\/types\/product"}],"version-history":[{"count":0,"href":"https:\/\/www.eurocontainerslf.it\/index.php?rest_route=\/wp\/v2\/product\/3708\/revisions"}],"wp:featuredmedia":[{"embeddable":true,"href":"https:\/\/www.eurocontainerslf.it\/index.php?rest_route=\/wp\/v2\/media\/3999"}],"wp:attachment":[{"href":"https:\/\/www.eurocontainerslf.it\/index.php?rest_route=%2Fwp%2Fv2%2Fmedia&parent=3708"}],"wp:term":[{"taxonomy":"product_cat","embeddable":true,"href":"https:\/\/www.eurocontainerslf.it\/index.php?rest_route=%2Fwp%2Fv2%2Fproduct_cat&post=3708"},{"taxonomy":"product_tag","embeddable":true,"href":"https:\/\/www.eurocontainerslf.it\/index.php?rest_route=%2Fwp%2Fv2%2Fproduct_tag&post=3708"}],"curies":[{"name":"wp","href":"https:\/\/api.w.org\/{rel}","templated":true}]}}