{"id":3707,"date":"2016-10-25T13:31:46","date_gmt":"2016-10-25T13:31:46","guid":{"rendered":"http:\/\/www.eurocontainerslf.it\/?post_type=product&#038;p=3707"},"modified":"2022-05-02T14:33:42","modified_gmt":"2022-05-02T13:33:42","slug":"zubehor-flansche","status":"publish","type":"product","link":"https:\/\/www.eurocontainerslf.it\/?product=zubehor-flansche&lang=de","title":{"rendered":"Flansche"},"content":{"rendered":"","protected":false},"excerpt":{"rendered":"<p>F\u00fcr streben Fl\u00fcssigkeit in den Beh\u00e4lter gie\u00dfen.<\/p>\n","protected":false},"featured_media":4005,"template":"","meta":[],"product_cat":[1595,652,642],"product_tag":[809],"_links":{"self":[{"href":"https:\/\/www.eurocontainerslf.it\/index.php?rest_route=\/wp\/v2\/product\/3707"}],"collection":[{"href":"https:\/\/www.eurocontainerslf.it\/index.php?rest_route=\/wp\/v2\/product"}],"about":[{"href":"https:\/\/www.eurocontainerslf.it\/index.php?rest_route=\/wp\/v2\/types\/product"}],"version-history":[{"count":1,"href":"https:\/\/www.eurocontainerslf.it\/index.php?rest_route=\/wp\/v2\/product\/3707\/revisions"}],"predecessor-version":[{"id":11594,"href":"https:\/\/www.eurocontainerslf.it\/index.php?rest_route=\/wp\/v2\/product\/3707\/revisions\/11594"}],"wp:featuredmedia":[{"embeddable":true,"href":"https:\/\/www.eurocontainerslf.it\/index.php?rest_route=\/wp\/v2\/media\/4005"}],"wp:attachment":[{"href":"https:\/\/www.eurocontainerslf.it\/index.php?rest_route=%2Fwp%2Fv2%2Fmedia&parent=3707"}],"wp:term":[{"taxonomy":"product_cat","embeddable":true,"href":"https:\/\/www.eurocontainerslf.it\/index.php?rest_route=%2Fwp%2Fv2%2Fproduct_cat&post=3707"},{"taxonomy":"product_tag","embeddable":true,"href":"https:\/\/www.eurocontainerslf.it\/index.php?rest_route=%2Fwp%2Fv2%2Fproduct_tag&post=3707"}],"curies":[{"name":"wp","href":"https:\/\/api.w.org\/{rel}","templated":true}]}}