{"id":3697,"date":"2016-10-25T13:19:30","date_gmt":"2016-10-25T13:19:30","guid":{"rendered":"http:\/\/www.eurocontainerslf.it\/?post_type=product&#038;p=3697"},"modified":"2021-07-16T12:28:31","modified_gmt":"2021-07-16T11:28:31","slug":"mannlochdeckel","status":"publish","type":"product","link":"https:\/\/www.eurocontainerslf.it\/?product=mannlochdeckel&lang=de","title":{"rendered":"Mannlochdeckel"},"content":{"rendered":"","protected":false},"excerpt":{"rendered":"<p>Absetzkipper mit Klappen und Mannlochdeckeln aus Metall, speziell f\u00fcr Schlamm und Fl\u00fcssigkeiten mit Zuladung von oben geeignet, zum Verstecken des Abfalls von au\u00dfen und um besser die Ger\u00fcche zur\u00fcckzuhalten.<\/p>\n","protected":false},"featured_media":3994,"template":"","meta":[],"product_cat":[1587,648,642],"product_tag":[809],"_links":{"self":[{"href":"https:\/\/www.eurocontainerslf.it\/index.php?rest_route=\/wp\/v2\/product\/3697"}],"collection":[{"href":"https:\/\/www.eurocontainerslf.it\/index.php?rest_route=\/wp\/v2\/product"}],"about":[{"href":"https:\/\/www.eurocontainerslf.it\/index.php?rest_route=\/wp\/v2\/types\/product"}],"version-history":[{"count":0,"href":"https:\/\/www.eurocontainerslf.it\/index.php?rest_route=\/wp\/v2\/product\/3697\/revisions"}],"wp:featuredmedia":[{"embeddable":true,"href":"https:\/\/www.eurocontainerslf.it\/index.php?rest_route=\/wp\/v2\/media\/3994"}],"wp:attachment":[{"href":"https:\/\/www.eurocontainerslf.it\/index.php?rest_route=%2Fwp%2Fv2%2Fmedia&parent=3697"}],"wp:term":[{"taxonomy":"product_cat","embeddable":true,"href":"https:\/\/www.eurocontainerslf.it\/index.php?rest_route=%2Fwp%2Fv2%2Fproduct_cat&post=3697"},{"taxonomy":"product_tag","embeddable":true,"href":"https:\/\/www.eurocontainerslf.it\/index.php?rest_route=%2Fwp%2Fv2%2Fproduct_tag&post=3697"}],"curies":[{"name":"wp","href":"https:\/\/api.w.org\/{rel}","templated":true}]}}