{"id":3644,"date":"2016-10-25T12:17:49","date_gmt":"2016-10-25T11:17:49","guid":{"rendered":"http:\/\/www.eurocontainerslf.it\/?post_type=product&#038;p=3644"},"modified":"2022-10-26T08:29:33","modified_gmt":"2022-10-26T07:29:33","slug":"abnehmbarer-rollsteg","status":"publish","type":"product","link":"https:\/\/www.eurocontainerslf.it\/?product=abnehmbarer-rollsteg&lang=de","title":{"rendered":"Abnehmbarer Rollsteg"},"content":{"rendered":"","protected":false},"excerpt":{"rendered":"<p>Rollbare Metallplattform, ideal f\u00fcr den sicheren Zugang auf die Containeroberseite. Robuster Aufbau, ausgestattet mit bequemen rutschsicheren Stufen, Abgrenzungen und Gel\u00e4nder, gro\u00dfe Lauffl\u00e4che mit praktischer Funktion einer Arbeitsfl\u00e4che, um dem Personal zu erm\u00f6glichen, bestm\u00f6glich und bequem das Fassungsverm\u00f6gen der Container auszunutzen.<\/p>\n<p>Die von\u00a0 LOCATELLI EUROCONTAINERS angebotenen Plattformen PLATFORM ROLL-ON SYSTEM sind einsatzbereit.<br \/>\nEinfach und sofort nutzbar, k\u00f6nnen diese Vorrichtungen auf wirtschaftliche Art und Weise die unterschiedlichsten Situationen l\u00f6sen.<\/p>\n<p>Form, Abmessungen und Merkmale k\u00f6nnen nat\u00fcrlich individuell angepasst und entsprechend den Anforderungen konfiguriert werden.<\/p>\n","protected":false},"featured_media":3993,"template":"","meta":[],"product_cat":[1527,626],"product_tag":[809],"_links":{"self":[{"href":"https:\/\/www.eurocontainerslf.it\/index.php?rest_route=\/wp\/v2\/product\/3644"}],"collection":[{"href":"https:\/\/www.eurocontainerslf.it\/index.php?rest_route=\/wp\/v2\/product"}],"about":[{"href":"https:\/\/www.eurocontainerslf.it\/index.php?rest_route=\/wp\/v2\/types\/product"}],"version-history":[{"count":1,"href":"https:\/\/www.eurocontainerslf.it\/index.php?rest_route=\/wp\/v2\/product\/3644\/revisions"}],"predecessor-version":[{"id":12513,"href":"https:\/\/www.eurocontainerslf.it\/index.php?rest_route=\/wp\/v2\/product\/3644\/revisions\/12513"}],"wp:featuredmedia":[{"embeddable":true,"href":"https:\/\/www.eurocontainerslf.it\/index.php?rest_route=\/wp\/v2\/media\/3993"}],"wp:attachment":[{"href":"https:\/\/www.eurocontainerslf.it\/index.php?rest_route=%2Fwp%2Fv2%2Fmedia&parent=3644"}],"wp:term":[{"taxonomy":"product_cat","embeddable":true,"href":"https:\/\/www.eurocontainerslf.it\/index.php?rest_route=%2Fwp%2Fv2%2Fproduct_cat&post=3644"},{"taxonomy":"product_tag","embeddable":true,"href":"https:\/\/www.eurocontainerslf.it\/index.php?rest_route=%2Fwp%2Fv2%2Fproduct_tag&post=3644"}],"curies":[{"name":"wp","href":"https:\/\/api.w.org\/{rel}","templated":true}]}}