{"id":3624,"date":"2016-10-25T10:08:34","date_gmt":"2016-10-25T10:08:34","guid":{"rendered":"http:\/\/www.eurocontainerslf.it\/?post_type=product&#038;p=3624"},"modified":"2025-07-07T13:20:03","modified_gmt":"2025-07-07T12:20:03","slug":"schwingkolbenpresse","status":"publish","type":"product","link":"https:\/\/www.eurocontainerslf.it\/?product=schwingkolbenpresse&lang=de","title":{"rendered":"Schwingkolbenpresse"},"content":{"rendered":"<h3>Optionen<\/h3>\n<table class=\"gray-table-lc-sx\" width=\"100%\" cellspacing=\"1\" cellpadding=\"2\">\n<tbody>\n<tr>\n<td valign=\"middle\" width=\"170\">Schalldicht<\/td>\n<td>Reduzierung der Ger\u00e4uschentwicklung bis auf 64 dB.<\/td>\n<\/tr>\n<tr>\n<td>Dieselversorgung<\/td>\n<td>Mit Motor-Steuertafel (Standard 9,6 kW).<\/td>\n<\/tr>\n<tr>\n<td>Speisung des Fahrzeugs<\/td>\n<td>24VDC Speisung und Hydraulikanlage mit Schnellkupplungsanschl\u00fcssen an den LKW.<\/td>\n<\/tr>\n<\/tbody>\n<\/table>\n<p><a href=\"http:\/\/www.eurocontainerslf.it\/wp-content\/uploads\/2016\/10\/MTS11016-0_DE4.pdf\" target=\"_blank\" rel=\"noopener\"><i class=\"fa fa-download\"><\/i><strong>Technisches Datenblatt<\/strong><\/a><\/p>\n","protected":false},"excerpt":{"rendered":"<p>F\u00fcr das Umf\u00fcllen von M\u00fcllfahrzeugen, besonders f\u00fcr Abf\u00e4lle mit Trockenfraktion geeignet.<br \/>\nDie besondere Konstruktion garantiert den dichten Halt und dank der innovativen Geometrie des Containers, erfolgt das R\u00e4umen des Produkts \u201eAbfall\u201c sehr effizient.<\/p>\n[button title=\"ENTDECKEN SIE DIE EVO MONOPAL COMPACTORS\" titlecolor=\"#ffffff\" width=\"350px\" url=\"https:\/\/www.eurocontainerslf.it\/?page_id=7135&amp;lang=de\" bgcolor=\"#008e5b\" fonticon=\"fa-arrow-right\" iconalign=\"right\" marginbottom=\"15\"]\n<p>&nbsp;<\/p>\n","protected":false},"featured_media":7998,"template":"","meta":[],"product_cat":[630],"product_tag":[809],"_links":{"self":[{"href":"https:\/\/www.eurocontainerslf.it\/index.php?rest_route=\/wp\/v2\/product\/3624"}],"collection":[{"href":"https:\/\/www.eurocontainerslf.it\/index.php?rest_route=\/wp\/v2\/product"}],"about":[{"href":"https:\/\/www.eurocontainerslf.it\/index.php?rest_route=\/wp\/v2\/types\/product"}],"version-history":[{"count":1,"href":"https:\/\/www.eurocontainerslf.it\/index.php?rest_route=\/wp\/v2\/product\/3624\/revisions"}],"predecessor-version":[{"id":17060,"href":"https:\/\/www.eurocontainerslf.it\/index.php?rest_route=\/wp\/v2\/product\/3624\/revisions\/17060"}],"wp:featuredmedia":[{"embeddable":true,"href":"https:\/\/www.eurocontainerslf.it\/index.php?rest_route=\/wp\/v2\/media\/7998"}],"wp:attachment":[{"href":"https:\/\/www.eurocontainerslf.it\/index.php?rest_route=%2Fwp%2Fv2%2Fmedia&parent=3624"}],"wp:term":[{"taxonomy":"product_cat","embeddable":true,"href":"https:\/\/www.eurocontainerslf.it\/index.php?rest_route=%2Fwp%2Fv2%2Fproduct_cat&post=3624"},{"taxonomy":"product_tag","embeddable":true,"href":"https:\/\/www.eurocontainerslf.it\/index.php?rest_route=%2Fwp%2Fv2%2Fproduct_tag&post=3624"}],"curies":[{"name":"wp","href":"https:\/\/api.w.org\/{rel}","templated":true}]}}