{"id":3588,"date":"2016-10-25T08:01:28","date_gmt":"2016-10-25T08:01:28","guid":{"rendered":"http:\/\/www.eurocontainerslf.it\/?post_type=product&#038;p=3588"},"modified":"2021-07-16T12:27:40","modified_gmt":"2021-07-16T11:27:40","slug":"avec-bande-laterale-unique-de-renfort","status":"publish","type":"product","link":"https:\/\/www.eurocontainerslf.it\/?product=avec-bande-laterale-unique-de-renfort&lang=fr","title":{"rendered":"Avec bande lat\u00e9rale unique de renfort"},"content":{"rendered":"","protected":false},"excerpt":{"rendered":"<p>Bandes lat\u00e9rales utilis\u00e9es pour renforcer la benne (Conseill\u00e9 pour ferraille)<\/p>\n","protected":false},"featured_media":11462,"template":"","meta":[],"product_cat":[1376,544,526],"product_tag":[811],"_links":{"self":[{"href":"https:\/\/www.eurocontainerslf.it\/index.php?rest_route=\/wp\/v2\/product\/3588"}],"collection":[{"href":"https:\/\/www.eurocontainerslf.it\/index.php?rest_route=\/wp\/v2\/product"}],"about":[{"href":"https:\/\/www.eurocontainerslf.it\/index.php?rest_route=\/wp\/v2\/types\/product"}],"version-history":[{"count":0,"href":"https:\/\/www.eurocontainerslf.it\/index.php?rest_route=\/wp\/v2\/product\/3588\/revisions"}],"wp:featuredmedia":[{"embeddable":true,"href":"https:\/\/www.eurocontainerslf.it\/index.php?rest_route=\/wp\/v2\/media\/11462"}],"wp:attachment":[{"href":"https:\/\/www.eurocontainerslf.it\/index.php?rest_route=%2Fwp%2Fv2%2Fmedia&parent=3588"}],"wp:term":[{"taxonomy":"product_cat","embeddable":true,"href":"https:\/\/www.eurocontainerslf.it\/index.php?rest_route=%2Fwp%2Fv2%2Fproduct_cat&post=3588"},{"taxonomy":"product_tag","embeddable":true,"href":"https:\/\/www.eurocontainerslf.it\/index.php?rest_route=%2Fwp%2Fv2%2Fproduct_tag&post=3588"}],"curies":[{"name":"wp","href":"https:\/\/api.w.org\/{rel}","templated":true}]}}