{"id":3570,"date":"2016-10-25T07:03:09","date_gmt":"2016-10-25T07:03:09","guid":{"rendered":"http:\/\/www.eurocontainerslf.it\/?post_type=product&#038;p=3570"},"modified":"2021-07-16T12:28:29","modified_gmt":"2021-07-16T11:28:29","slug":"avec-rampe-dacces-integree","status":"publish","type":"product","link":"https:\/\/www.eurocontainerslf.it\/?product=avec-rampe-dacces-integree&lang=fr","title":{"rendered":"Avec rampe d\u2019acc\u00e8s int\u00e9gr\u00e9e"},"content":{"rendered":"","protected":false},"excerpt":{"rendered":"<p>Rampe fixe pour faciliter le chargement de la marchandise.<\/p>\n","protected":false},"featured_media":4000,"template":"","meta":[],"product_cat":[1434,550,526],"product_tag":[811],"_links":{"self":[{"href":"https:\/\/www.eurocontainerslf.it\/index.php?rest_route=\/wp\/v2\/product\/3570"}],"collection":[{"href":"https:\/\/www.eurocontainerslf.it\/index.php?rest_route=\/wp\/v2\/product"}],"about":[{"href":"https:\/\/www.eurocontainerslf.it\/index.php?rest_route=\/wp\/v2\/types\/product"}],"version-history":[{"count":0,"href":"https:\/\/www.eurocontainerslf.it\/index.php?rest_route=\/wp\/v2\/product\/3570\/revisions"}],"wp:featuredmedia":[{"embeddable":true,"href":"https:\/\/www.eurocontainerslf.it\/index.php?rest_route=\/wp\/v2\/media\/4000"}],"wp:attachment":[{"href":"https:\/\/www.eurocontainerslf.it\/index.php?rest_route=%2Fwp%2Fv2%2Fmedia&parent=3570"}],"wp:term":[{"taxonomy":"product_cat","embeddable":true,"href":"https:\/\/www.eurocontainerslf.it\/index.php?rest_route=%2Fwp%2Fv2%2Fproduct_cat&post=3570"},{"taxonomy":"product_tag","embeddable":true,"href":"https:\/\/www.eurocontainerslf.it\/index.php?rest_route=%2Fwp%2Fv2%2Fproduct_tag&post=3570"}],"curies":[{"name":"wp","href":"https:\/\/api.w.org\/{rel}","templated":true}]}}