{"id":3567,"date":"2016-10-25T07:01:22","date_gmt":"2016-10-25T07:01:22","guid":{"rendered":"http:\/\/www.eurocontainerslf.it\/?post_type=product&#038;p=3567"},"modified":"2021-07-16T12:28:32","modified_gmt":"2021-07-16T11:28:32","slug":"avec-hayon-elevateur-hydraulique","status":"publish","type":"product","link":"https:\/\/www.eurocontainerslf.it\/?product=avec-hayon-elevateur-hydraulique&lang=fr","title":{"rendered":"Avec hayon \u00e9l\u00e9vateur hydraulique"},"content":{"rendered":"","protected":false},"excerpt":{"rendered":"<p>LOCATELLI EUROCONTAINERS propose un syst\u00e8me ampliroll de grande flexibilit\u00e9 avec les plateaux amplirolls de la ligne TRAIL LIFT System.<br \/>\nRobuste et grand ampliroll b\u00e2ch\u00e9, avec ch\u00e2ssis en acier et ridelles lat\u00e9rales en aluminium rabattables pour une charge\/d\u00e9charge facile, toit en t\u00f4le avec centines de renfort. Plateforme de charge post\u00e9rieure de 2000 kg \u00e9lectro-hydraulique avec commande locale et \u00e0 distance \u00e0 travers panneau de commandes \u00e0 distance.<br \/>\nAlimentation Autonome (accumulateurs \u00e0 bord de grande Autonomie) et\/ou avec la possibilit\u00e9 de connexion \u00e9lectrique directement au v\u00e9hicule.<\/p>\n","protected":false},"featured_media":3999,"template":"","meta":[],"product_cat":[1434,550,526],"product_tag":[811],"_links":{"self":[{"href":"https:\/\/www.eurocontainerslf.it\/index.php?rest_route=\/wp\/v2\/product\/3567"}],"collection":[{"href":"https:\/\/www.eurocontainerslf.it\/index.php?rest_route=\/wp\/v2\/product"}],"about":[{"href":"https:\/\/www.eurocontainerslf.it\/index.php?rest_route=\/wp\/v2\/types\/product"}],"version-history":[{"count":0,"href":"https:\/\/www.eurocontainerslf.it\/index.php?rest_route=\/wp\/v2\/product\/3567\/revisions"}],"wp:featuredmedia":[{"embeddable":true,"href":"https:\/\/www.eurocontainerslf.it\/index.php?rest_route=\/wp\/v2\/media\/3999"}],"wp:attachment":[{"href":"https:\/\/www.eurocontainerslf.it\/index.php?rest_route=%2Fwp%2Fv2%2Fmedia&parent=3567"}],"wp:term":[{"taxonomy":"product_cat","embeddable":true,"href":"https:\/\/www.eurocontainerslf.it\/index.php?rest_route=%2Fwp%2Fv2%2Fproduct_cat&post=3567"},{"taxonomy":"product_tag","embeddable":true,"href":"https:\/\/www.eurocontainerslf.it\/index.php?rest_route=%2Fwp%2Fv2%2Fproduct_tag&post=3567"}],"curies":[{"name":"wp","href":"https:\/\/api.w.org\/{rel}","templated":true}]}}