{"id":3537,"date":"2016-10-24T15:46:44","date_gmt":"2016-10-24T15:46:44","guid":{"rendered":"http:\/\/www.eurocontainerslf.it\/?post_type=product&#038;p=3537"},"modified":"2021-07-16T12:29:35","modified_gmt":"2021-07-16T11:29:35","slug":"avec-tableau-commande-a-distance","status":"publish","type":"product","link":"https:\/\/www.eurocontainerslf.it\/?product=avec-tableau-commande-a-distance&lang=fr","title":{"rendered":"Avec Tableau commande \u00e0 distance"},"content":{"rendered":"","protected":false},"excerpt":{"rendered":"<p>Tableau commande \u00e0 distance avec fil pour commander la machine \u00e0 distance.<\/p>\n","protected":false},"featured_media":3205,"template":"","meta":[],"product_cat":[1390,546,526],"product_tag":[811],"_links":{"self":[{"href":"https:\/\/www.eurocontainerslf.it\/index.php?rest_route=\/wp\/v2\/product\/3537"}],"collection":[{"href":"https:\/\/www.eurocontainerslf.it\/index.php?rest_route=\/wp\/v2\/product"}],"about":[{"href":"https:\/\/www.eurocontainerslf.it\/index.php?rest_route=\/wp\/v2\/types\/product"}],"version-history":[{"count":0,"href":"https:\/\/www.eurocontainerslf.it\/index.php?rest_route=\/wp\/v2\/product\/3537\/revisions"}],"wp:featuredmedia":[{"embeddable":true,"href":"https:\/\/www.eurocontainerslf.it\/index.php?rest_route=\/wp\/v2\/media\/3205"}],"wp:attachment":[{"href":"https:\/\/www.eurocontainerslf.it\/index.php?rest_route=%2Fwp%2Fv2%2Fmedia&parent=3537"}],"wp:term":[{"taxonomy":"product_cat","embeddable":true,"href":"https:\/\/www.eurocontainerslf.it\/index.php?rest_route=%2Fwp%2Fv2%2Fproduct_cat&post=3537"},{"taxonomy":"product_tag","embeddable":true,"href":"https:\/\/www.eurocontainerslf.it\/index.php?rest_route=%2Fwp%2Fv2%2Fproduct_tag&post=3537"}],"curies":[{"name":"wp","href":"https:\/\/api.w.org\/{rel}","templated":true}]}}