{"id":3536,"date":"2016-10-24T15:46:02","date_gmt":"2016-10-24T15:46:02","guid":{"rendered":"http:\/\/www.eurocontainerslf.it\/?post_type=product&#038;p=3536"},"modified":"2021-07-16T12:29:55","modified_gmt":"2021-07-16T11:29:55","slug":"avec-bord-de-securite","status":"publish","type":"product","link":"https:\/\/www.eurocontainerslf.it\/?product=avec-bord-de-securite&lang=fr","title":{"rendered":"Avec Bord de s\u00e9curit\u00e9"},"content":{"rendered":"","protected":false},"excerpt":{"rendered":"<p>Le contact avec ce bord arr\u00eate le fonctionnement de la machine en signalant une \u00e9mergence.<\/p>\n","protected":false},"featured_media":4012,"template":"","meta":[],"product_cat":[1390,546,526],"product_tag":[811],"_links":{"self":[{"href":"https:\/\/www.eurocontainerslf.it\/index.php?rest_route=\/wp\/v2\/product\/3536"}],"collection":[{"href":"https:\/\/www.eurocontainerslf.it\/index.php?rest_route=\/wp\/v2\/product"}],"about":[{"href":"https:\/\/www.eurocontainerslf.it\/index.php?rest_route=\/wp\/v2\/types\/product"}],"version-history":[{"count":0,"href":"https:\/\/www.eurocontainerslf.it\/index.php?rest_route=\/wp\/v2\/product\/3536\/revisions"}],"wp:featuredmedia":[{"embeddable":true,"href":"https:\/\/www.eurocontainerslf.it\/index.php?rest_route=\/wp\/v2\/media\/4012"}],"wp:attachment":[{"href":"https:\/\/www.eurocontainerslf.it\/index.php?rest_route=%2Fwp%2Fv2%2Fmedia&parent=3536"}],"wp:term":[{"taxonomy":"product_cat","embeddable":true,"href":"https:\/\/www.eurocontainerslf.it\/index.php?rest_route=%2Fwp%2Fv2%2Fproduct_cat&post=3536"},{"taxonomy":"product_tag","embeddable":true,"href":"https:\/\/www.eurocontainerslf.it\/index.php?rest_route=%2Fwp%2Fv2%2Fproduct_tag&post=3536"}],"curies":[{"name":"wp","href":"https:\/\/api.w.org\/{rel}","templated":true}]}}