{"id":3534,"date":"2016-10-24T15:44:50","date_gmt":"2016-10-24T15:44:50","guid":{"rendered":"http:\/\/www.eurocontainerslf.it\/?post_type=product&#038;p=3534"},"modified":"2021-07-16T12:29:57","modified_gmt":"2021-07-16T11:29:57","slug":"avec-leve-conteneur-fixe","status":"publish","type":"product","link":"https:\/\/www.eurocontainerslf.it\/?product=avec-leve-conteneur-fixe&lang=fr","title":{"rendered":"Avec L\u00e8ve-conteneur &#8211; fixe"},"content":{"rendered":"","protected":false},"excerpt":{"rendered":"<p>Dispositif\u00a0 appropri\u00e9 \u00e0 soulever toutes les typologies de conteneur dou\u00e9 d\u2019attache DIN ou sp\u00e9cifi\u00e9 par le client<\/p>\n","protected":false},"featured_media":4963,"template":"","meta":[],"product_cat":[1390,546,526],"product_tag":[811],"_links":{"self":[{"href":"https:\/\/www.eurocontainerslf.it\/index.php?rest_route=\/wp\/v2\/product\/3534"}],"collection":[{"href":"https:\/\/www.eurocontainerslf.it\/index.php?rest_route=\/wp\/v2\/product"}],"about":[{"href":"https:\/\/www.eurocontainerslf.it\/index.php?rest_route=\/wp\/v2\/types\/product"}],"version-history":[{"count":0,"href":"https:\/\/www.eurocontainerslf.it\/index.php?rest_route=\/wp\/v2\/product\/3534\/revisions"}],"wp:featuredmedia":[{"embeddable":true,"href":"https:\/\/www.eurocontainerslf.it\/index.php?rest_route=\/wp\/v2\/media\/4963"}],"wp:attachment":[{"href":"https:\/\/www.eurocontainerslf.it\/index.php?rest_route=%2Fwp%2Fv2%2Fmedia&parent=3534"}],"wp:term":[{"taxonomy":"product_cat","embeddable":true,"href":"https:\/\/www.eurocontainerslf.it\/index.php?rest_route=%2Fwp%2Fv2%2Fproduct_cat&post=3534"},{"taxonomy":"product_tag","embeddable":true,"href":"https:\/\/www.eurocontainerslf.it\/index.php?rest_route=%2Fwp%2Fv2%2Fproduct_tag&post=3534"}],"curies":[{"name":"wp","href":"https:\/\/api.w.org\/{rel}","templated":true}]}}