{"id":3533,"date":"2016-10-24T15:42:12","date_gmt":"2016-10-24T15:42:12","guid":{"rendered":"http:\/\/www.eurocontainerslf.it\/?post_type=product&#038;p=3533"},"modified":"2021-07-16T12:29:58","modified_gmt":"2021-07-16T11:29:58","slug":"avec-panneaux-lateraux","status":"publish","type":"product","link":"https:\/\/www.eurocontainerslf.it\/?product=avec-panneaux-lateraux&lang=fr","title":{"rendered":"Avec Panneaux Lat\u00e9raux"},"content":{"rendered":"","protected":false},"excerpt":{"rendered":"<p>Syst\u00e8me utilis\u00e9 pour faciliter l\u2019entretien.<\/p>\n","protected":false},"featured_media":11468,"template":"","meta":[],"product_cat":[1376,544,526],"product_tag":[811],"_links":{"self":[{"href":"https:\/\/www.eurocontainerslf.it\/index.php?rest_route=\/wp\/v2\/product\/3533"}],"collection":[{"href":"https:\/\/www.eurocontainerslf.it\/index.php?rest_route=\/wp\/v2\/product"}],"about":[{"href":"https:\/\/www.eurocontainerslf.it\/index.php?rest_route=\/wp\/v2\/types\/product"}],"version-history":[{"count":0,"href":"https:\/\/www.eurocontainerslf.it\/index.php?rest_route=\/wp\/v2\/product\/3533\/revisions"}],"wp:featuredmedia":[{"embeddable":true,"href":"https:\/\/www.eurocontainerslf.it\/index.php?rest_route=\/wp\/v2\/media\/11468"}],"wp:attachment":[{"href":"https:\/\/www.eurocontainerslf.it\/index.php?rest_route=%2Fwp%2Fv2%2Fmedia&parent=3533"}],"wp:term":[{"taxonomy":"product_cat","embeddable":true,"href":"https:\/\/www.eurocontainerslf.it\/index.php?rest_route=%2Fwp%2Fv2%2Fproduct_cat&post=3533"},{"taxonomy":"product_tag","embeddable":true,"href":"https:\/\/www.eurocontainerslf.it\/index.php?rest_route=%2Fwp%2Fv2%2Fproduct_tag&post=3533"}],"curies":[{"name":"wp","href":"https:\/\/api.w.org\/{rel}","templated":true}]}}