{"id":3518,"date":"2016-10-24T15:39:10","date_gmt":"2016-10-24T15:39:10","guid":{"rendered":"http:\/\/www.eurocontainerslf.it\/?post_type=product&#038;p=3518"},"modified":"2021-07-16T12:30:22","modified_gmt":"2021-07-16T11:30:22","slug":"avec-couvertures","status":"publish","type":"product","link":"https:\/\/www.eurocontainerslf.it\/?product=avec-couvertures&lang=fr","title":{"rendered":"Avec Couvertures"},"content":{"rendered":"<table class=\"white-table\" width=\"100%\">\n<tbody>\n<tr>\n<th style=\"text-align: center;\">Couvertures:<br \/>\n\u00c0 deux section en PVc (Manuelle-hydraulique);<\/th>\n<\/tr>\n<tr>\n<td><\/td>\n<\/tr>\n<tr>\n<th style=\"text-align: center;\">COUVERTURES:<br \/>\nCadre filets (Manuelle-hydraulique);<\/th>\n<\/tr>\n<tr>\n<td><\/td>\n<\/tr>\n<tr>\n<th style=\"text-align: center;\">COUVERTURES:<br \/>\n\u00c0 ailes de papillon;<\/th>\n<\/tr>\n<tr>\n<td><\/td>\n<\/tr>\n<tr>\n<th style=\"text-align: center;\">COUVERTURES:<br \/>\nAvec CRAMARO \/ b\u00e2ch\u00e9e;<\/th>\n<\/tr>\n<tr>\n<td><\/td>\n<\/tr>\n<tr>\n<th style=\"text-align: center;\">COUVERTURES:<br \/>\nAvec syst\u00e8me d\u2019ouverture \u00e0 manivelle;<\/th>\n<\/tr>\n<tr>\n<td><\/td>\n<\/tr>\n<tr>\n<th style=\"text-align: center;\">COUVERTURES:<br \/>\nHydraulique manuelle;<\/th>\n<\/tr>\n<tr>\n<td><\/td>\n<\/tr>\n<tr>\n<th style=\"text-align: center;\">COUVERTURES:<br \/>\nElectro-hydraulique;<\/th>\n<\/tr>\n<tr>\n<td><\/td>\n<\/tr>\n<tr>\n<th style=\"text-align: center;\">COUVERTURES:<br \/>\nCoulissante;<\/th>\n<\/tr>\n<tr>\n<td><\/td>\n<\/tr>\n<tr>\n<th style=\"text-align: center;\">COUVERTURES:<br \/>\nToit fixe<\/th>\n<\/tr>\n<tr>\n<td><\/td>\n<\/tr>\n<\/tbody>\n<\/table>\n","protected":false},"excerpt":{"rendered":"<p>Couvertures: \u00c0 deux section en PVc (Manuelle-hydraulique); COUVERTURES: Cadre filets (Manuelle-hydraulique); COUVERTURES: \u00c0 ailes de papillon; COUVERTURES: Avec CRAMARO \/ b\u00e2ch\u00e9e; COUVERTURES: Avec syst\u00e8me d\u2019ouverture \u00e0 manivelle; COUVERTURES: Hydraulique manuelle; COUVERTURES: Electro-hydraulique; COUVERTURES: Coulissante; COUVERTURES: Toit fixe<\/p>\n","protected":false},"featured_media":11527,"template":"","meta":[],"product_cat":[1376,544,526],"product_tag":[811],"_links":{"self":[{"href":"https:\/\/www.eurocontainerslf.it\/index.php?rest_route=\/wp\/v2\/product\/3518"}],"collection":[{"href":"https:\/\/www.eurocontainerslf.it\/index.php?rest_route=\/wp\/v2\/product"}],"about":[{"href":"https:\/\/www.eurocontainerslf.it\/index.php?rest_route=\/wp\/v2\/types\/product"}],"version-history":[{"count":0,"href":"https:\/\/www.eurocontainerslf.it\/index.php?rest_route=\/wp\/v2\/product\/3518\/revisions"}],"wp:featuredmedia":[{"embeddable":true,"href":"https:\/\/www.eurocontainerslf.it\/index.php?rest_route=\/wp\/v2\/media\/11527"}],"wp:attachment":[{"href":"https:\/\/www.eurocontainerslf.it\/index.php?rest_route=%2Fwp%2Fv2%2Fmedia&parent=3518"}],"wp:term":[{"taxonomy":"product_cat","embeddable":true,"href":"https:\/\/www.eurocontainerslf.it\/index.php?rest_route=%2Fwp%2Fv2%2Fproduct_cat&post=3518"},{"taxonomy":"product_tag","embeddable":true,"href":"https:\/\/www.eurocontainerslf.it\/index.php?rest_route=%2Fwp%2Fv2%2Fproduct_tag&post=3518"}],"curies":[{"name":"wp","href":"https:\/\/api.w.org\/{rel}","templated":true}]}}