{"id":3514,"date":"2016-10-24T15:10:34","date_gmt":"2016-10-24T14:10:34","guid":{"rendered":"http:\/\/www.eurocontainerslf.it\/?post_type=product&#038;p=3514"},"modified":"2022-03-21T10:55:35","modified_gmt":"2022-03-21T09:55:35","slug":"bennes-pour-dechets-dangereux-et-pas-dangereux","status":"publish","type":"product","link":"https:\/\/www.eurocontainerslf.it\/?product=bennes-pour-dechets-dangereux-et-pas-dangereux&lang=fr","title":{"rendered":"Bennes pour d\u00e9chets dangereux et pas dangereux"},"content":{"rendered":"","protected":false},"excerpt":{"rendered":"<p><span lang=\"FR\">Utilis\u00e9es en particulier pour l\u2019introduction de d\u00e9chets dangereux et pas dangereux \u00e0 travers chariot \u00e9l\u00e9vateur ou diff\u00e9rent syst\u00e8me automatique.<\/span><\/p>\n","protected":false},"featured_media":11139,"template":"","meta":[],"product_cat":[1297,528],"product_tag":[811],"_links":{"self":[{"href":"https:\/\/www.eurocontainerslf.it\/index.php?rest_route=\/wp\/v2\/product\/3514"}],"collection":[{"href":"https:\/\/www.eurocontainerslf.it\/index.php?rest_route=\/wp\/v2\/product"}],"about":[{"href":"https:\/\/www.eurocontainerslf.it\/index.php?rest_route=\/wp\/v2\/types\/product"}],"version-history":[{"count":0,"href":"https:\/\/www.eurocontainerslf.it\/index.php?rest_route=\/wp\/v2\/product\/3514\/revisions"}],"wp:featuredmedia":[{"embeddable":true,"href":"https:\/\/www.eurocontainerslf.it\/index.php?rest_route=\/wp\/v2\/media\/11139"}],"wp:attachment":[{"href":"https:\/\/www.eurocontainerslf.it\/index.php?rest_route=%2Fwp%2Fv2%2Fmedia&parent=3514"}],"wp:term":[{"taxonomy":"product_cat","embeddable":true,"href":"https:\/\/www.eurocontainerslf.it\/index.php?rest_route=%2Fwp%2Fv2%2Fproduct_cat&post=3514"},{"taxonomy":"product_tag","embeddable":true,"href":"https:\/\/www.eurocontainerslf.it\/index.php?rest_route=%2Fwp%2Fv2%2Fproduct_tag&post=3514"}],"curies":[{"name":"wp","href":"https:\/\/api.w.org\/{rel}","templated":true}]}}