{"id":3512,"date":"2016-10-24T15:03:45","date_gmt":"2016-10-24T15:03:45","guid":{"rendered":"http:\/\/www.eurocontainerslf.it\/?post_type=product&#038;p=3512"},"modified":"2021-07-16T12:30:58","modified_gmt":"2021-07-16T11:30:58","slug":"plateforme-ampliroll","status":"publish","type":"product","link":"https:\/\/www.eurocontainerslf.it\/?product=plateforme-ampliroll&lang=fr","title":{"rendered":"Plateforme ampliroll"},"content":{"rendered":"","protected":false},"excerpt":{"rendered":"<p><b><\/b>Plateforme m\u00e9tallique ampliroll, id\u00e9ale pour acc\u00e9der en compl\u00e8te s\u00e9curit\u00e9 au top des bennes.<br \/>\nStructure robuste \u00e9quip\u00e9e de marches pratiques antid\u00e9rapant, barri\u00e8res et parapets, large plan de pi\u00e9tinement avec fonctions de pratique plan de travail pour permettre aux Operateurs d\u2019exploiter au mieux et plus facilement la capacit\u00e9 des bennes.<\/p>\n<p>Les plateformes PLATFORM ROLL-ON SYSTEM propos\u00e9 par LOCATELLI EUROCONTAINERS\u00a0 sont pr\u00eates \u00e0 l\u2019emploi.<br \/>\nSimples et imm\u00e9diatement utilisables, ces dispositifs peuvent r\u00e9soudre en fa\u00e7on \u00e9conomique les plus diff\u00e9rentes situations.<\/p>\n<p>Naturellement forme, dimensions et caract\u00e9ristiques peuvent \u00eatre personnalis\u00e9es et configur\u00e9es selon les exigences.<\/p>\n","protected":false},"featured_media":3993,"template":"","meta":[],"product_cat":[1369,530],"product_tag":[811],"_links":{"self":[{"href":"https:\/\/www.eurocontainerslf.it\/index.php?rest_route=\/wp\/v2\/product\/3512"}],"collection":[{"href":"https:\/\/www.eurocontainerslf.it\/index.php?rest_route=\/wp\/v2\/product"}],"about":[{"href":"https:\/\/www.eurocontainerslf.it\/index.php?rest_route=\/wp\/v2\/types\/product"}],"version-history":[{"count":0,"href":"https:\/\/www.eurocontainerslf.it\/index.php?rest_route=\/wp\/v2\/product\/3512\/revisions"}],"wp:featuredmedia":[{"embeddable":true,"href":"https:\/\/www.eurocontainerslf.it\/index.php?rest_route=\/wp\/v2\/media\/3993"}],"wp:attachment":[{"href":"https:\/\/www.eurocontainerslf.it\/index.php?rest_route=%2Fwp%2Fv2%2Fmedia&parent=3512"}],"wp:term":[{"taxonomy":"product_cat","embeddable":true,"href":"https:\/\/www.eurocontainerslf.it\/index.php?rest_route=%2Fwp%2Fv2%2Fproduct_cat&post=3512"},{"taxonomy":"product_tag","embeddable":true,"href":"https:\/\/www.eurocontainerslf.it\/index.php?rest_route=%2Fwp%2Fv2%2Fproduct_tag&post=3512"}],"curies":[{"name":"wp","href":"https:\/\/api.w.org\/{rel}","templated":true}]}}