{"id":3511,"date":"2016-10-24T15:01:36","date_gmt":"2016-10-24T15:01:36","guid":{"rendered":"http:\/\/www.eurocontainerslf.it\/?post_type=product&#038;p=3511"},"modified":"2021-07-16T12:30:59","modified_gmt":"2021-07-16T11:30:59","slug":"silos-3","status":"publish","type":"product","link":"https:\/\/www.eurocontainerslf.it\/?product=silos-3&lang=fr","title":{"rendered":"Silos"},"content":{"rendered":"","protected":false},"excerpt":{"rendered":"<p>Le silo a une structure monolithique et il est construit avec profiles et t\u00f4les en acier au carbone de haut qualit\u00e9 et renforc\u00e9 dans les points plus sollicit\u00e9s.<br \/>\nIl est projet\u00e9 pour \u00eatre transport\u00e9 avec les classiques v\u00e9hicules dou\u00e9s d\u2019\u00e9quipements ampliroll, la robustesse et la parfaite \u00e9tanch\u00e9it\u00e9 sont les points principaux de force de cette typologie de produit.<br \/>\nNotre silo est particuli\u00e8rement appropri\u00e9 pour le stockage de cr\u00e9pis, chaux, pl\u00e2tres, c\u00e9r\u00e9ales et similaires.<br \/>\nPour compl\u00e9ter le silo, Locatelli Eurocontainers, fourni une s\u00e9rie de pi\u00e8ces d\u00e9tach\u00e9es qui peuvent satisfaire les diff\u00e9rentes exigences des clients (\u00e9chelles, passerelles, parapets, trous d\u2019hommes, niveaux visuels et diff\u00e9rents raccords).<\/p>\n","protected":false},"featured_media":3991,"template":"","meta":[],"product_cat":[1366,542],"product_tag":[811],"_links":{"self":[{"href":"https:\/\/www.eurocontainerslf.it\/index.php?rest_route=\/wp\/v2\/product\/3511"}],"collection":[{"href":"https:\/\/www.eurocontainerslf.it\/index.php?rest_route=\/wp\/v2\/product"}],"about":[{"href":"https:\/\/www.eurocontainerslf.it\/index.php?rest_route=\/wp\/v2\/types\/product"}],"version-history":[{"count":0,"href":"https:\/\/www.eurocontainerslf.it\/index.php?rest_route=\/wp\/v2\/product\/3511\/revisions"}],"wp:featuredmedia":[{"embeddable":true,"href":"https:\/\/www.eurocontainerslf.it\/index.php?rest_route=\/wp\/v2\/media\/3991"}],"wp:attachment":[{"href":"https:\/\/www.eurocontainerslf.it\/index.php?rest_route=%2Fwp%2Fv2%2Fmedia&parent=3511"}],"wp:term":[{"taxonomy":"product_cat","embeddable":true,"href":"https:\/\/www.eurocontainerslf.it\/index.php?rest_route=%2Fwp%2Fv2%2Fproduct_cat&post=3511"},{"taxonomy":"product_tag","embeddable":true,"href":"https:\/\/www.eurocontainerslf.it\/index.php?rest_route=%2Fwp%2Fv2%2Fproduct_tag&post=3511"}],"curies":[{"name":"wp","href":"https:\/\/api.w.org\/{rel}","templated":true}]}}