{"id":3506,"date":"2016-10-24T14:50:47","date_gmt":"2016-10-24T14:50:47","guid":{"rendered":"http:\/\/www.eurocontainerslf.it\/?post_type=product&#038;p=3506"},"modified":"2021-07-16T12:32:46","modified_gmt":"2021-07-16T11:32:46","slug":"compacteur-photovoltaique","status":"publish","type":"product","link":"https:\/\/www.eurocontainerslf.it\/?product=compacteur-photovoltaique&lang=fr","title":{"rendered":"Compacteur Photovolta\u00efque"},"content":{"rendered":"","protected":false},"excerpt":{"rendered":"<p>Avec le but de respecter l\u2019environnement et r\u00e9duire\/\u00e9liminer les couts de l\u2019\u00e9nergie, Locatelli Eurocontainers a projet\u00e9 pour Vous le COMPACTEUR A TIROIR avec alimentation photovolta\u00efque qui permet de g\u00e9rer quantit\u00e9s \u00e9lev\u00e9es de d\u00e9chets gr\u00e2ce aux efficaces performances des nouvelles technologies utilis\u00e9es par nos soins.<\/p>\n","protected":false},"featured_media":3028,"template":"","meta":[],"product_cat":[1323,534],"product_tag":[811],"_links":{"self":[{"href":"https:\/\/www.eurocontainerslf.it\/index.php?rest_route=\/wp\/v2\/product\/3506"}],"collection":[{"href":"https:\/\/www.eurocontainerslf.it\/index.php?rest_route=\/wp\/v2\/product"}],"about":[{"href":"https:\/\/www.eurocontainerslf.it\/index.php?rest_route=\/wp\/v2\/types\/product"}],"version-history":[{"count":0,"href":"https:\/\/www.eurocontainerslf.it\/index.php?rest_route=\/wp\/v2\/product\/3506\/revisions"}],"wp:featuredmedia":[{"embeddable":true,"href":"https:\/\/www.eurocontainerslf.it\/index.php?rest_route=\/wp\/v2\/media\/3028"}],"wp:attachment":[{"href":"https:\/\/www.eurocontainerslf.it\/index.php?rest_route=%2Fwp%2Fv2%2Fmedia&parent=3506"}],"wp:term":[{"taxonomy":"product_cat","embeddable":true,"href":"https:\/\/www.eurocontainerslf.it\/index.php?rest_route=%2Fwp%2Fv2%2Fproduct_cat&post=3506"},{"taxonomy":"product_tag","embeddable":true,"href":"https:\/\/www.eurocontainerslf.it\/index.php?rest_route=%2Fwp%2Fv2%2Fproduct_tag&post=3506"}],"curies":[{"name":"wp","href":"https:\/\/api.w.org\/{rel}","templated":true}]}}