{"id":3505,"date":"2016-10-24T14:49:55","date_gmt":"2016-10-24T14:49:55","guid":{"rendered":"http:\/\/www.eurocontainerslf.it\/?post_type=product&#038;p=3505"},"modified":"2021-07-16T12:32:45","modified_gmt":"2021-07-16T11:32:45","slug":"mini-compacteurs","status":"publish","type":"product","link":"https:\/\/www.eurocontainerslf.it\/?product=mini-compacteurs&lang=fr","title":{"rendered":"Mini compacteurs"},"content":{"rendered":"<h3>Options<\/h3>\n<table class=\"gray-table-lc-sx\" width=\"100%\" cellspacing=\"1\" cellpadding=\"2\">\n<tbody>\n<tr>\n<td valign=\"middle\" width=\"170\">Insonoris\u00e9<\/td>\n<td>Avec r\u00e9duction des nuisances sonores jusqu\u2019\u00e0 64dB.<\/td>\n<\/tr>\n<tr>\n<td>Alimentation \u00e0 Gazole<\/td>\n<td>Avec panneau de commande moteur (standard 9,6 kW).<\/td>\n<\/tr>\n<tr>\n<td>Alimentation par v\u00e9hicule<\/td>\n<td>Alimentation 24VDC et installation hydraulique avec liens par coupleurs rapides sur le v\u00e9hicule.<\/td>\n<\/tr>\n<\/tbody>\n<\/table>\n","protected":false},"excerpt":{"rendered":"<p>La LOCATELLI EUROCONTAINERS avec la ligne de Mini compacteurs basculants\u00a0 M-DCS\u00a0 \u201c Mini Drawer Compacting System\u201d, propose un syst\u00e8me de compaction id\u00e9al pour espaces r\u00e9duits et d\u00e9chetteries enterr\u00e9es.<\/p>\n<p>Les mini-compacteurs M-DCS sont configur\u00e9s pour \u00eatre utilis\u00e9 avec v\u00e9hicules de typologie DAILY pour lesquels n\u2019est pas n\u00e9cessaire aucune licence sp\u00e9ciale.<\/p>\n<p>La g\u00e9om\u00e9trie et le design d\u00e9rivent des mod\u00e8les de taille sup\u00e9rieure, pr\u00e9servant la construction robuste, r\u00e9alis\u00e9e avec mat\u00e9riaux et composants de qualit\u00e9.<\/p>\n","protected":false},"featured_media":3021,"template":"","meta":[],"product_cat":[1323,534],"product_tag":[811],"_links":{"self":[{"href":"https:\/\/www.eurocontainerslf.it\/index.php?rest_route=\/wp\/v2\/product\/3505"}],"collection":[{"href":"https:\/\/www.eurocontainerslf.it\/index.php?rest_route=\/wp\/v2\/product"}],"about":[{"href":"https:\/\/www.eurocontainerslf.it\/index.php?rest_route=\/wp\/v2\/types\/product"}],"version-history":[{"count":0,"href":"https:\/\/www.eurocontainerslf.it\/index.php?rest_route=\/wp\/v2\/product\/3505\/revisions"}],"wp:featuredmedia":[{"embeddable":true,"href":"https:\/\/www.eurocontainerslf.it\/index.php?rest_route=\/wp\/v2\/media\/3021"}],"wp:attachment":[{"href":"https:\/\/www.eurocontainerslf.it\/index.php?rest_route=%2Fwp%2Fv2%2Fmedia&parent=3505"}],"wp:term":[{"taxonomy":"product_cat","embeddable":true,"href":"https:\/\/www.eurocontainerslf.it\/index.php?rest_route=%2Fwp%2Fv2%2Fproduct_cat&post=3505"},{"taxonomy":"product_tag","embeddable":true,"href":"https:\/\/www.eurocontainerslf.it\/index.php?rest_route=%2Fwp%2Fv2%2Fproduct_tag&post=3505"}],"curies":[{"name":"wp","href":"https:\/\/api.w.org\/{rel}","templated":true}]}}