{"id":3501,"date":"2016-10-24T14:38:01","date_gmt":"2016-10-24T14:38:01","guid":{"rendered":"http:\/\/www.eurocontainerslf.it\/?post_type=product&#038;p=3501"},"modified":"2021-07-16T12:31:24","modified_gmt":"2021-07-16T11:31:24","slug":"compacteurs-a-tiroir","status":"publish","type":"product","link":"https:\/\/www.eurocontainerslf.it\/?product=compacteurs-a-tiroir&lang=fr","title":{"rendered":"Compacteurs \u00e0 tiroir"},"content":{"rendered":"<h3>Options<\/h3>\n<table class=\"gray-table-lc-sx\" width=\"100%\" cellspacing=\"1\" cellpadding=\"2\">\n<tbody>\n<tr>\n<td valign=\"middle\" width=\"170\">Insonoris\u00e9<\/td>\n<td>Avec r\u00e9duction des nuisances sonores jusqu\u2019\u00e0 64dB.<\/td>\n<\/tr>\n<tr>\n<td>Alimentation \u00e0 Gazole<\/td>\n<td>Avec panneau de commande moteur (standard 9,6 kW).<\/td>\n<\/tr>\n<tr>\n<td>Alimentation par v\u00e9hicule<\/td>\n<td>Alimentation 24VDC et installation hydraulique avec liens par coupleurs rapides sur le v\u00e9hicule.<\/td>\n<\/tr>\n<\/tbody>\n<\/table>\n","protected":false},"excerpt":{"rendered":"<p>Compacteur ampliroll \u00e0 TIROIR DCS \u201c Draw Compacting System\u201d, syst\u00e8me pour la r\u00e9duction et compaction du d\u00e9chets avec PRESSEUR \u00e0 tiroir, id\u00e9ale pour D\u00e9chets \u00e0 fraction S\u00c8CHE \u2013 INDIFF\u00c9RENCI\u00c9E. Design compact, r\u00e9alis\u00e9 pour assurer une efficace \u00e9tanch\u00e9it\u00e9 pour les liquides des d\u00e9chets.<\/p>\n<p>L\u2019innovante g\u00e9om\u00e9trie tronconique du container permet une \u00e9vacuation du produit \u00ab d\u00e9chet \u00bb tr\u00e8s efficace.<br \/>\nLa construction est robuste et r\u00e9alis\u00e9e avec mat\u00e9riaux et composants de qualit\u00e9, pour une conduction simple et fonctionnelle qui permet une activit\u00e9 d\u2019entretien minimale.<\/p>\n[button title=\"D\u00c9COUVREZ LES COMPACTEURS EVO\" titlecolor=\"#ffffff\" width=\"300px\" url=\"https:\/\/www.eurocontainerslf.it\/fr\/compacteurs-evo\/\" bgcolor=\"#008e5b\" fonticon=\"fa-arrow-right\" iconalign=\"right\" marginbottom=\"15\"]\n<p>&nbsp;<\/p>\n","protected":false},"featured_media":12223,"template":"","meta":[],"product_cat":[1323,534],"product_tag":[811],"_links":{"self":[{"href":"https:\/\/www.eurocontainerslf.it\/index.php?rest_route=\/wp\/v2\/product\/3501"}],"collection":[{"href":"https:\/\/www.eurocontainerslf.it\/index.php?rest_route=\/wp\/v2\/product"}],"about":[{"href":"https:\/\/www.eurocontainerslf.it\/index.php?rest_route=\/wp\/v2\/types\/product"}],"version-history":[{"count":0,"href":"https:\/\/www.eurocontainerslf.it\/index.php?rest_route=\/wp\/v2\/product\/3501\/revisions"}],"wp:featuredmedia":[{"embeddable":true,"href":"https:\/\/www.eurocontainerslf.it\/index.php?rest_route=\/wp\/v2\/media\/12223"}],"wp:attachment":[{"href":"https:\/\/www.eurocontainerslf.it\/index.php?rest_route=%2Fwp%2Fv2%2Fmedia&parent=3501"}],"wp:term":[{"taxonomy":"product_cat","embeddable":true,"href":"https:\/\/www.eurocontainerslf.it\/index.php?rest_route=%2Fwp%2Fv2%2Fproduct_cat&post=3501"},{"taxonomy":"product_tag","embeddable":true,"href":"https:\/\/www.eurocontainerslf.it\/index.php?rest_route=%2Fwp%2Fv2%2Fproduct_tag&post=3501"}],"curies":[{"name":"wp","href":"https:\/\/api.w.org\/{rel}","templated":true}]}}