{"id":3476,"date":"2016-10-24T13:17:29","date_gmt":"2016-10-24T12:17:29","guid":{"rendered":"http:\/\/www.eurocontainerslf.it\/?post_type=product&#038;p=3476"},"modified":"2022-03-21T10:56:08","modified_gmt":"2022-03-21T09:56:08","slug":"bennes-pour-materiel-en-fer","status":"publish","type":"product","link":"https:\/\/www.eurocontainerslf.it\/?product=bennes-pour-materiel-en-fer&lang=fr","title":{"rendered":"Bennes pour mat\u00e9riel en Fer"},"content":{"rendered":"<h3>Dimensions<\/h3>\n<table class=\"gray-table-lc-cc\" border=\"1\" width=\"665\" cellspacing=\"1\" cellpadding=\"2\">\n<tbody>\n<tr>\n<td valign=\"middle\" width=\"8\"><b>VOLUME (m3) <\/b><\/td>\n<td width=\"100\"><strong>LONGUEUR EXT AVEC CROCHET (m)<\/strong><\/td>\n<td><strong>LARGEUR EXT (m)<\/strong><\/td>\n<td><strong>HAUTEUR UTILE (m)<\/strong><\/td>\n<\/tr>\n<tr>\n<td>\u00a020<\/td>\n<td>\u00a05,70<\/td>\n<td>\u00a0 2,50<\/td>\n<td>\u00a01,55<\/td>\n<\/tr>\n<tr>\n<td>\u00a025<\/td>\n<td>\u00a05,70<\/td>\n<td>\u00a0 2,50<\/td>\n<td>\u00a02,00<\/td>\n<\/tr>\n<tr>\n<td>\u00a027<\/td>\n<td>\u00a05,90<\/td>\n<td>\u00a0 2,50<\/td>\n<td>\u00a02,00<\/td>\n<\/tr>\n<tr>\n<td>\u00a030<\/td>\n<td>\u00a06,25<\/td>\n<td>\u00a0 2,50<\/td>\n<td>\u00a02,15<\/td>\n<\/tr>\n<tr>\n<td>\u00a035<\/td>\n<td>\u00a07,20<\/td>\n<td>\u00a0 2,50<\/td>\n<td>\u00a02,20<\/td>\n<\/tr>\n<\/tbody>\n<\/table>\n<h3>Dimensions pour Minibennes<\/h3>\n<table class=\"gray-table-lc-cc\" border=\"1\" width=\"550\" cellspacing=\"1\" cellpadding=\"2\">\n<tbody>\n<tr>\n<td width=\"100\"><b>LONGUEUR EXT AVEC CROCHET (m)<br \/>\n<\/b><\/td>\n<td><b>LARGEUR EXT (m)<\/b><\/td>\n<td><b>HAUTEUR UTILE (m)<br \/>\n<\/b><\/td>\n<\/tr>\n<tr>\n<td>de 3,00 \u00e0 3,80<\/td>\n<td>\u00a02,00<\/td>\n<td>\u00a00,60<\/td>\n<\/tr>\n<tr>\n<td>de 3,00 \u00e0 3,80<\/td>\n<td>\u00a02,00<\/td>\n<td>\u00a01,00<\/td>\n<\/tr>\n<tr>\n<td>de 3,00 \u00e0 3,80<\/td>\n<td>\u00a0 2,00<\/td>\n<td>\u00a01,35<\/td>\n<\/tr>\n<tr>\n<td>de 3,00 \u00e0 3,80<\/td>\n<td>\u00a02,00<\/td>\n<td>\u00a01,55<\/td>\n<\/tr>\n<\/tbody>\n<\/table>\n<p>*Locatelli Eurocontainers construit bennes ampliroll sur mesure!<i><b><\/b><\/i><\/p>\n<h3>Options<\/h3>\n<table class=\"gray-table-lc-sx\" border=\"1\" width=\"100%\" cellspacing=\"1\" cellpadding=\"2\">\n<tbody>\n<tr>\n<td valign=\"middle\" width=\"150\">T\u00f4le fond et c\u00f4t\u00e9s<\/td>\n<td>\u00c9paisseur de 5 mm (<strong>Standard 4 mm<\/strong>)<br \/>\nMinibennes: \u00c9paisseur de 3 mm (<strong>Standard 2 mm<\/strong>)<\/td>\n<\/tr>\n<\/tbody>\n<\/table>\n","protected":false},"excerpt":{"rendered":"<p>Elles sont utilis\u00e9es pour fer, ferraille et mat\u00e9riaux lourds.<\/p>\n","protected":false},"featured_media":11136,"template":"","meta":[],"product_cat":[1297,528],"product_tag":[811],"_links":{"self":[{"href":"https:\/\/www.eurocontainerslf.it\/index.php?rest_route=\/wp\/v2\/product\/3476"}],"collection":[{"href":"https:\/\/www.eurocontainerslf.it\/index.php?rest_route=\/wp\/v2\/product"}],"about":[{"href":"https:\/\/www.eurocontainerslf.it\/index.php?rest_route=\/wp\/v2\/types\/product"}],"version-history":[{"count":0,"href":"https:\/\/www.eurocontainerslf.it\/index.php?rest_route=\/wp\/v2\/product\/3476\/revisions"}],"wp:featuredmedia":[{"embeddable":true,"href":"https:\/\/www.eurocontainerslf.it\/index.php?rest_route=\/wp\/v2\/media\/11136"}],"wp:attachment":[{"href":"https:\/\/www.eurocontainerslf.it\/index.php?rest_route=%2Fwp%2Fv2%2Fmedia&parent=3476"}],"wp:term":[{"taxonomy":"product_cat","embeddable":true,"href":"https:\/\/www.eurocontainerslf.it\/index.php?rest_route=%2Fwp%2Fv2%2Fproduct_cat&post=3476"},{"taxonomy":"product_tag","embeddable":true,"href":"https:\/\/www.eurocontainerslf.it\/index.php?rest_route=%2Fwp%2Fv2%2Fproduct_tag&post=3476"}],"curies":[{"name":"wp","href":"https:\/\/api.w.org\/{rel}","templated":true}]}}