{"id":2975,"date":"2016-10-10T10:25:27","date_gmt":"2016-10-10T09:25:27","guid":{"rendered":"http:\/\/www.eurocontainerslf.it\/?post_type=product&#038;p=2975"},"modified":"2022-09-21T07:42:42","modified_gmt":"2022-09-21T06:42:42","slug":"altri-containers-scarrabili","status":"publish","type":"product","link":"https:\/\/www.eurocontainerslf.it\/?product=altri-containers-scarrabili","title":{"rendered":"Altri containers scarrabili"},"content":{"rendered":"<h1>Altri containers scarrabili<\/h1>\n<h2>Containers scarrabili per polveri e ceneri<\/h2>\n<p><strong>Da 30&#8217;anni, Locatelli Eurocontainers<\/strong>\u00a0produce <strong>containers scarrabili per polveri e ceneri.<\/strong><\/p>\n<p>Questi sono in grado di garantire l\u2019idoneo stoccaggio degli stessi. Le strutture dei containers scarrabili per il contenimento di tali rifiuti posso variare in base all\u2019impianto di recupero. Spesso la loro geometria prevede una chiusura fissa superiore con botole per il conferimento dall\u2019alto delle polveri e delle ceneri ed una porta posteriore con guarnizione di tenuta stagna. I containers per polveri, o ceneri che siano, possono contenere anche segatura e truciolo, ovvero scarti connessi alla lavorazione del legno. Testiamo entrambe le tipologie di prodotti per una tenuta alle polveri.<\/p>\n<h2>Cassoni scarrabili per batterie<\/h2>\n<p><strong>Locatelli Eurocontainers<\/strong> offre una linea di appositi <strong>containers per batterie<\/strong>.<\/p>\n<p>Questa specifica tipologia, \u00e8 a tenuta stagna e pu\u00f2 essere realizzata con lamiere di acciaio inossidabile per resistere agli acidi rilasciati dalle batterie stesse ed avere una maggiore durata di vita del prodotto.<\/p>\n<h2>Containers scarrabili per segatura e polverino<\/h2>\n<p><strong>Locatelli Eurocontainers<\/strong> produce <strong>containers per segatura e polverino<\/strong>.<\/p>\n<p>La capienza variabile dai 20 ai 35 m<sup>3<\/sup>, questi cassoni sono dotati di bocchette di carico e aspirazione in funzione degli impianti di conferimento ai quali verranno installati. Lateralmente tali containers dispongono di finestre in plexiglass per visionare dall\u2019esterno il grado di riempimento. Tali contenitori non risultano a normativa ATEX.<\/p>\n<h2>Casse scarrabili con flange<\/h2>\n<p><strong>Locatelli Eurocontainers<\/strong> offre una linea di <strong>containers con flange<\/strong>.<\/p>\n<p>Questa tipologia di cassone \u00e8 pensata per facilitare l\u2019aspirazione e il travaso di liquidi dal container attraverso opportune flange applicate a seconda degli impianti dell\u2019utilizzatore finale.<\/p>\n<p>Questi contenitori vengono totalmente progettati a misura ogni qualvolta si necessiti questa tipologia di prodotto.<\/p>\n<h2>Containers scarrabili per pressa stazionaria<\/h2>\n<p><strong>Locatelli Eurocontainers<\/strong> si occupa anche di produrre <strong>containers per pressa stazionaria<\/strong>.<\/p>\n<p>Caratterizzato dalla tipica bocca di carico, questo cassone se agganciato alla pressa ne consente il lavoro in continuo, con la sola sostituzione del container una volta riempito.<\/p>\n<p>Quindi, la chiusura del foro di accoppiamento del portellone posteriore pu\u00f2 avvenire in varie modalit\u00e0.\u00a0 Partendo da teloni da applicare manualmente, ad altre chiusure meccaniche.<\/p>\n<h2>Contenitori scarrabili impilabili<\/h2>\n<p><strong>Locatelli Eurocontainers<\/strong> produce <strong>containers impilabili.<\/strong><\/p>\n<p>Sebbene siano in grado di contenere un quantitativo di materiale minore rispetto agli altri modelli, questa tipologia di cassone consente un netto risparmio dello spazio. La forza di tale prodotto, resta che durante il trasporto a vuoto, il vettore pu\u00f2 consegnare pi\u00f9 pezzi nei vari cantieri con meno viaggi. Sono disponibili nella versione impilabile dritta o svasata.<\/p>\n<p>Quella svasata \u00e8 pi\u00f9 onerosa, ma con la possibilit\u00e0 di portare fino a 6 pezzi in una sola consegna.<\/p>\n<p>&nbsp;<\/p>\n<p><a id=\"button\" class=\"elementor-button-link elementor-button elementor-size-sm elementor-animation-grow\" role=\"button\" href=\"https:\/\/www.eurocontainerslf.it\/richiesta-preventivo\/\"><span class=\"elementor-button-content-wrapper\"><span class=\"elementor-button-text\">Chiedi Informazioni<\/span><\/span><\/a><\/p>\n","protected":false},"excerpt":{"rendered":"<p>Altre tipologie di containers scarrabili.<\/p>\n","protected":false},"featured_media":11284,"template":"","meta":[],"product_cat":[322,328],"product_tag":[801,1003,1005,1024,1035],"_links":{"self":[{"href":"https:\/\/www.eurocontainerslf.it\/index.php?rest_route=\/wp\/v2\/product\/2975"}],"collection":[{"href":"https:\/\/www.eurocontainerslf.it\/index.php?rest_route=\/wp\/v2\/product"}],"about":[{"href":"https:\/\/www.eurocontainerslf.it\/index.php?rest_route=\/wp\/v2\/types\/product"}],"version-history":[{"count":2,"href":"https:\/\/www.eurocontainerslf.it\/index.php?rest_route=\/wp\/v2\/product\/2975\/revisions"}],"predecessor-version":[{"id":11495,"href":"https:\/\/www.eurocontainerslf.it\/index.php?rest_route=\/wp\/v2\/product\/2975\/revisions\/11495"}],"wp:featuredmedia":[{"embeddable":true,"href":"https:\/\/www.eurocontainerslf.it\/index.php?rest_route=\/wp\/v2\/media\/11284"}],"wp:attachment":[{"href":"https:\/\/www.eurocontainerslf.it\/index.php?rest_route=%2Fwp%2Fv2%2Fmedia&parent=2975"}],"wp:term":[{"taxonomy":"product_cat","embeddable":true,"href":"https:\/\/www.eurocontainerslf.it\/index.php?rest_route=%2Fwp%2Fv2%2Fproduct_cat&post=2975"},{"taxonomy":"product_tag","embeddable":true,"href":"https:\/\/www.eurocontainerslf.it\/index.php?rest_route=%2Fwp%2Fv2%2Fproduct_tag&post=2975"}],"curies":[{"name":"wp","href":"https:\/\/api.w.org\/{rel}","templated":true}]}}